{"id":5272,"date":"2017-03-08T22:10:44","date_gmt":"2017-03-08T21:10:44","guid":{"rendered":"https:\/\/fr.elds.org\/lesmormons-net\/?page_id=5272"},"modified":"2017-03-08T22:12:35","modified_gmt":"2017-03-08T21:12:35","slug":"a-propos-de-nous","status":"publish","type":"page","link":"https:\/\/fr.elds.org\/lesmormons-net\/a-propos-de-nous\/","title":{"rendered":"A propos de nous"},"content":{"rendered":"<p><a href=\"http:\/\/fr.elds.org\/eglisemormone-net\/files\/2012\/09\/christ-book-mormon.jpg\"><img fetchpriority=\"high\" fetchpriority=\"high\" decoding=\"async\" class=\"size-medium wp-image-1120 alignright\" title=\"mormon church\" src=\"http:\/\/fr.elds.org\/eglisemormone-net\/files\/2012\/09\/christ-book-mormon-300x231.jpg\" alt=\"mormon church\" width=\"300\" height=\"231\" \/><\/a>Bien que vous nous ayez trouv\u00e9 \u00e0\u00a0travers une recherche sur internet, en utilisant les mots-cl\u00e9s \u201cLes Mormons,\u201d nous aimerions vous pr\u00e9ciser que le nom officiel de l\u2019\u00c9glise mormone est en r\u00e9alit\u00e9 : \u00ab\u00a0<strong>L\u2019\u00c9glise de J\u00e9sus-Christ des Saints des Derniers Jours.<\/strong>\u00a0\u00bb<\/p>\n<p>LesMormons.net n\u2019est pas un site officiel de l\u2019\u00c9glise, mais il a \u00e9t\u00e9 cr\u00e9\u00e9 par des membres fid\u00e8les qui aimeraient:<\/p>\n<ul>\n<li>R\u00e9pondre aux questions et aux besoins spirituels des membres francophones de l&rsquo;Eglise.<\/li>\n<li>Egalement, engager la conversation au sujet de qui nous sommes et de ce en quoi nous croyons avec des amis\u00a0d\u2019autres confessions qui s\u2019y\u00a0int\u00e9ressent. Notre objectif est de vous mettre en contact avec des membres de l\u2019\u00c9glise, de toutes circonstances de vie, r\u00e9pondant ouvertement \u00e0 vos questions au sujet des enseignements, des croyances, et des modes de vie des membres de l\u2019\u00c9glise de J\u00e9sus-Christ des Saints des Derniers Jours.<\/li>\n<\/ul>\n<p>Pour les sites officiels de l\u2019\u00c9glise de J\u00e9sus-Christ des Saints des Derniers Jours, veuillez s\u2019il vous pla\u00eet visiter\u00a0<a href=\"http:\/\/mormon.org\/mormonorg\/fra\/\" target=\"_blank\">www.mormon.org\/fr<\/a>\u00a0\u00a0ou \u00a0<a href=\"http:\/\/www.lds.org\/?lang=fra\" target=\"_blank\">www.lds.org<\/a><\/p>\n<p>N\u2019h\u00e9sitez pas \u00e0 nous contacter avec vos questions et nous publierons nos r\u00e9ponses sur ce site.<\/p>\n","protected":false},"excerpt":{"rendered":"<p>LesMormons.net n&rsquo;est pas un site officiel de l&rsquo;Eglise de J\u00e9sus-Christ des Saints des Derniers Jours, il a n\u00e9anmoins \u00e9t\u00e9 cr\u00e9\u00e9 par des membres fid\u00e8les.<\/p>\n","protected":false},"author":53,"featured_media":4052,"parent":0,"menu_order":0,"comment_status":"closed","ping_status":"closed","template":"","meta":{"_et_pb_use_builder":"","_et_pb_old_content":"","_et_gb_content_width":"","footnotes":""},"class_list":["post-5272","page","type-page","status-publish","has-post-thumbnail","hentry"],"yoast_head":"<!-- This site is optimized with the Yoast SEO plugin v27.4 - https:\/\/yoast.com\/product\/yoast-seo-wordpress\/ -->\n<title>A propos du website LesMormons.net<\/title>\n<meta name=\"description\" content=\"LesMormons.net n&#039;est pas un site officiel de l&#039;Eglise de J\u00e9sus-Christ des Saints des Derniers Jours, il a n\u00e9anmoins \u00e9t\u00e9 cr\u00e9\u00e9 par des membres fid\u00e8les.\" \/>\n<meta name=\"robots\" content=\"index, follow, max-snippet:-1, max-image-preview:large, max-video-preview:-1\" \/>\n<link rel=\"canonical\" href=\"https:\/\/fr.elds.org\/lesmormons-net\/a-propos-de-nous\/\" \/>\n<meta property=\"og:locale\" content=\"fr_FR\" \/>\n<meta property=\"og:type\" content=\"article\" \/>\n<meta property=\"og:title\" content=\"A propos du website LesMormons.net\" \/>\n<meta property=\"og:description\" content=\"LesMormons.net n&#039;est pas un site officiel de l&#039;Eglise de J\u00e9sus-Christ des Saints des Derniers Jours, il a n\u00e9anmoins \u00e9t\u00e9 cr\u00e9\u00e9 par des membres fid\u00e8les.\" \/>\n<meta property=\"og:url\" content=\"https:\/\/fr.elds.org\/lesmormons-net\/a-propos-de-nous\/\" \/>\n<meta property=\"og:site_name\" content=\"Les Mormons\" \/>\n<meta property=\"article:modified_time\" content=\"2017-03-08T21:12:35+00:00\" \/>\n<meta property=\"og:image\" content=\"https:\/\/fr.elds.org\/lesmormons-net\/files\/2016\/08\/LOGO-OR-ET-BLEU.png\" \/>\n\t<meta property=\"og:image:width\" content=\"1702\" \/>\n\t<meta property=\"og:image:height\" content=\"630\" \/>\n\t<meta property=\"og:image:type\" content=\"image\/png\" \/>\n<meta name=\"twitter:card\" content=\"summary_large_image\" \/>\n<meta name=\"twitter:label1\" content=\"Dur\u00e9e de lecture estim\u00e9e\" \/>\n\t<meta name=\"twitter:data1\" content=\"1 minute\" \/>\n<script type=\"application\/ld+json\" class=\"yoast-schema-graph\">{\"@context\":\"https:\\\/\\\/schema.org\",\"@graph\":[{\"@type\":\"WebPage\",\"@id\":\"https:\\\/\\\/fr.elds.org\\\/lesmormons-net\\\/a-propos-de-nous\\\/\",\"url\":\"https:\\\/\\\/fr.elds.org\\\/lesmormons-net\\\/a-propos-de-nous\\\/\",\"name\":\"A propos du website LesMormons.net\",\"isPartOf\":{\"@id\":\"https:\\\/\\\/fr.elds.org\\\/lesmormons-net\\\/#website\"},\"primaryImageOfPage\":{\"@id\":\"https:\\\/\\\/fr.elds.org\\\/lesmormons-net\\\/a-propos-de-nous\\\/#primaryimage\"},\"image\":{\"@id\":\"https:\\\/\\\/fr.elds.org\\\/lesmormons-net\\\/a-propos-de-nous\\\/#primaryimage\"},\"thumbnailUrl\":\"https:\\\/\\\/fr.elds.org\\\/lesmormons-net\\\/files\\\/2016\\\/08\\\/LOGO-OR-ET-BLEU.png\",\"datePublished\":\"2017-03-08T21:10:44+00:00\",\"dateModified\":\"2017-03-08T21:12:35+00:00\",\"description\":\"LesMormons.net n'est pas un site officiel de l'Eglise de J\u00e9sus-Christ des Saints des Derniers Jours, il a n\u00e9anmoins \u00e9t\u00e9 cr\u00e9\u00e9 par des membres fid\u00e8les.\",\"breadcrumb\":{\"@id\":\"https:\\\/\\\/fr.elds.org\\\/lesmormons-net\\\/a-propos-de-nous\\\/#breadcrumb\"},\"inLanguage\":\"fr-FR\",\"potentialAction\":[{\"@type\":\"ReadAction\",\"target\":[\"https:\\\/\\\/fr.elds.org\\\/lesmormons-net\\\/a-propos-de-nous\\\/\"]}]},{\"@type\":\"ImageObject\",\"inLanguage\":\"fr-FR\",\"@id\":\"https:\\\/\\\/fr.elds.org\\\/lesmormons-net\\\/a-propos-de-nous\\\/#primaryimage\",\"url\":\"https:\\\/\\\/fr.elds.org\\\/lesmormons-net\\\/files\\\/2016\\\/08\\\/LOGO-OR-ET-BLEU.png\",\"contentUrl\":\"https:\\\/\\\/fr.elds.org\\\/lesmormons-net\\\/files\\\/2016\\\/08\\\/LOGO-OR-ET-BLEU.png\",\"width\":1702,\"height\":630,\"caption\":\"lesmormons.net logo\"},{\"@type\":\"BreadcrumbList\",\"@id\":\"https:\\\/\\\/fr.elds.org\\\/lesmormons-net\\\/a-propos-de-nous\\\/#breadcrumb\",\"itemListElement\":[{\"@type\":\"ListItem\",\"position\":1,\"name\":\"Home\",\"item\":\"https:\\\/\\\/fr.elds.org\\\/lesmormons-net\\\/\"},{\"@type\":\"ListItem\",\"position\":2,\"name\":\"A propos de nous\"}]},{\"@type\":\"WebSite\",\"@id\":\"https:\\\/\\\/fr.elds.org\\\/lesmormons-net\\\/#website\",\"url\":\"https:\\\/\\\/fr.elds.org\\\/lesmormons-net\\\/\",\"name\":\"Les Mormons\",\"description\":\"Les mormons au quotidien\",\"potentialAction\":[{\"@type\":\"SearchAction\",\"target\":{\"@type\":\"EntryPoint\",\"urlTemplate\":\"https:\\\/\\\/fr.elds.org\\\/lesmormons-net\\\/?s={search_term_string}\"},\"query-input\":{\"@type\":\"PropertyValueSpecification\",\"valueRequired\":true,\"valueName\":\"search_term_string\"}}],\"inLanguage\":\"fr-FR\"}]}<\/script>\n<!-- \/ Yoast SEO plugin. -->","yoast_head_json":{"title":"A propos du website LesMormons.net","description":"LesMormons.net n'est pas un site officiel de l'Eglise de J\u00e9sus-Christ des Saints des Derniers Jours, il a n\u00e9anmoins \u00e9t\u00e9 cr\u00e9\u00e9 par des membres fid\u00e8les.","robots":{"index":"index","follow":"follow","max-snippet":"max-snippet:-1","max-image-preview":"max-image-preview:large","max-video-preview":"max-video-preview:-1"},"canonical":"https:\/\/fr.elds.org\/lesmormons-net\/a-propos-de-nous\/","og_locale":"fr_FR","og_type":"article","og_title":"A propos du website LesMormons.net","og_description":"LesMormons.net n'est pas un site officiel de l'Eglise de J\u00e9sus-Christ des Saints des Derniers Jours, il a n\u00e9anmoins \u00e9t\u00e9 cr\u00e9\u00e9 par des membres fid\u00e8les.","og_url":"https:\/\/fr.elds.org\/lesmormons-net\/a-propos-de-nous\/","og_site_name":"Les Mormons","article_modified_time":"2017-03-08T21:12:35+00:00","og_image":[{"width":1702,"height":630,"url":"https:\/\/fr.elds.org\/lesmormons-net\/files\/2016\/08\/LOGO-OR-ET-BLEU.png","type":"image\/png"}],"twitter_card":"summary_large_image","twitter_misc":{"Dur\u00e9e de lecture estim\u00e9e":"1 minute"},"schema":{"@context":"https:\/\/schema.org","@graph":[{"@type":"WebPage","@id":"https:\/\/fr.elds.org\/lesmormons-net\/a-propos-de-nous\/","url":"https:\/\/fr.elds.org\/lesmormons-net\/a-propos-de-nous\/","name":"A propos du website LesMormons.net","isPartOf":{"@id":"https:\/\/fr.elds.org\/lesmormons-net\/#website"},"primaryImageOfPage":{"@id":"https:\/\/fr.elds.org\/lesmormons-net\/a-propos-de-nous\/#primaryimage"},"image":{"@id":"https:\/\/fr.elds.org\/lesmormons-net\/a-propos-de-nous\/#primaryimage"},"thumbnailUrl":"https:\/\/fr.elds.org\/lesmormons-net\/files\/2016\/08\/LOGO-OR-ET-BLEU.png","datePublished":"2017-03-08T21:10:44+00:00","dateModified":"2017-03-08T21:12:35+00:00","description":"LesMormons.net n'est pas un site officiel de l'Eglise de J\u00e9sus-Christ des Saints des Derniers Jours, il a n\u00e9anmoins \u00e9t\u00e9 cr\u00e9\u00e9 par des membres fid\u00e8les.","breadcrumb":{"@id":"https:\/\/fr.elds.org\/lesmormons-net\/a-propos-de-nous\/#breadcrumb"},"inLanguage":"fr-FR","potentialAction":[{"@type":"ReadAction","target":["https:\/\/fr.elds.org\/lesmormons-net\/a-propos-de-nous\/"]}]},{"@type":"ImageObject","inLanguage":"fr-FR","@id":"https:\/\/fr.elds.org\/lesmormons-net\/a-propos-de-nous\/#primaryimage","url":"https:\/\/fr.elds.org\/lesmormons-net\/files\/2016\/08\/LOGO-OR-ET-BLEU.png","contentUrl":"https:\/\/fr.elds.org\/lesmormons-net\/files\/2016\/08\/LOGO-OR-ET-BLEU.png","width":1702,"height":630,"caption":"lesmormons.net logo"},{"@type":"BreadcrumbList","@id":"https:\/\/fr.elds.org\/lesmormons-net\/a-propos-de-nous\/#breadcrumb","itemListElement":[{"@type":"ListItem","position":1,"name":"Home","item":"https:\/\/fr.elds.org\/lesmormons-net\/"},{"@type":"ListItem","position":2,"name":"A propos de nous"}]},{"@type":"WebSite","@id":"https:\/\/fr.elds.org\/lesmormons-net\/#website","url":"https:\/\/fr.elds.org\/lesmormons-net\/","name":"Les Mormons","description":"Les mormons au quotidien","potentialAction":[{"@type":"SearchAction","target":{"@type":"EntryPoint","urlTemplate":"https:\/\/fr.elds.org\/lesmormons-net\/?s={search_term_string}"},"query-input":{"@type":"PropertyValueSpecification","valueRequired":true,"valueName":"search_term_string"}}],"inLanguage":"fr-FR"}]}},"_links":{"self":[{"href":"https:\/\/fr.elds.org\/lesmormons-net\/wp-json\/wp\/v2\/pages\/5272","targetHints":{"allow":["GET"]}}],"collection":[{"href":"https:\/\/fr.elds.org\/lesmormons-net\/wp-json\/wp\/v2\/pages"}],"about":[{"href":"https:\/\/fr.elds.org\/lesmormons-net\/wp-json\/wp\/v2\/types\/page"}],"author":[{"embeddable":true,"href":"https:\/\/fr.elds.org\/lesmormons-net\/wp-json\/wp\/v2\/users\/53"}],"replies":[{"embeddable":true,"href":"https:\/\/fr.elds.org\/lesmormons-net\/wp-json\/wp\/v2\/comments?post=5272"}],"version-history":[{"count":3,"href":"https:\/\/fr.elds.org\/lesmormons-net\/wp-json\/wp\/v2\/pages\/5272\/revisions"}],"predecessor-version":[{"id":5275,"href":"https:\/\/fr.elds.org\/lesmormons-net\/wp-json\/wp\/v2\/pages\/5272\/revisions\/5275"}],"wp:featuredmedia":[{"embeddable":true,"href":"https:\/\/fr.elds.org\/lesmormons-net\/wp-json\/wp\/v2\/media\/4052"}],"wp:attachment":[{"href":"https:\/\/fr.elds.org\/lesmormons-net\/wp-json\/wp\/v2\/media?parent=5272"}],"curies":[{"name":"wp","href":"https:\/\/api.w.org\/{rel}","templated":true}]}}