{"id":5021,"date":"2017-01-12T18:46:50","date_gmt":"2017-01-12T17:46:50","guid":{"rendered":"https:\/\/fr.elds.org\/lesmormons-net\/?page_id=5021"},"modified":"2017-03-23T11:12:11","modified_gmt":"2017-03-23T10:12:11","slug":"galerie","status":"publish","type":"page","link":"https:\/\/fr.elds.org\/lesmormons-net\/galerie\/","title":{"rendered":"Galerie"},"content":{"rendered":"<p>Vous trouverez dans la galerie d&rsquo;images du site lesmormons.net des citations et des images inspirantes que vous pouvez partager avec vos amis, votre famille et vos abonn\u00e9s sur les m\u00e9dias sociaux.<\/p>\n<p>D\u00e9couvrez-la! Partagez-les sur vos r\u00e9seaux sociaux en cliquant sur l&rsquo;image choisie et en s\u00e9lectionnant l&rsquo;ic\u00f4ne du r\u00e9seau social d\u00e9sir\u00e9. Ou bien vous pouvez directement les t\u00e9l\u00e9charger sur votre ordinateur.<\/p>\n<p>[Best_Wordpress_Gallery id=\u00a0\u00bb1&Prime; gal_title=\u00a0\u00bbGallery\u00a0\u00bb]<\/p>\n","protected":false},"excerpt":{"rendered":"<p>D\u00e9couvez les memes de LesMormons.net et ressourcez-vous avec ces citations inspirantes: extraits des Ecritures ou de cantiques, messages des proph\u00e8tes<\/p>\n","protected":false},"author":27,"featured_media":0,"parent":0,"menu_order":0,"comment_status":"closed","ping_status":"closed","template":"","meta":{"_et_pb_use_builder":"","_et_pb_old_content":"","_et_gb_content_width":"","footnotes":""},"class_list":["post-5021","page","type-page","status-publish","hentry"],"yoast_head":"<!-- This site is optimized with the Yoast SEO plugin v27.4 - https:\/\/yoast.com\/product\/yoast-seo-wordpress\/ -->\n<title>Galerie d&#039;images inspirantes du site LesMormons.net<\/title>\n<meta name=\"description\" content=\"D\u00e9couvez les memes de LesMormons.net et ressourcez-vous avec ces citations inspirantes: extraits des Ecritures ou de cantiques, messages des proph\u00e8tes\" \/>\n<meta name=\"robots\" content=\"index, follow, max-snippet:-1, max-image-preview:large, max-video-preview:-1\" \/>\n<link rel=\"canonical\" href=\"https:\/\/fr.elds.org\/lesmormons-net\/galerie\/\" \/>\n<meta property=\"og:locale\" content=\"fr_FR\" \/>\n<meta property=\"og:type\" content=\"article\" \/>\n<meta property=\"og:title\" content=\"Galerie d&#039;images inspirantes du site LesMormons.net\" \/>\n<meta property=\"og:description\" content=\"D\u00e9couvez les memes de LesMormons.net et ressourcez-vous avec ces citations inspirantes: extraits des Ecritures ou de cantiques, messages des proph\u00e8tes\" \/>\n<meta property=\"og:url\" content=\"https:\/\/fr.elds.org\/lesmormons-net\/galerie\/\" \/>\n<meta property=\"og:site_name\" content=\"Les Mormons\" \/>\n<meta property=\"article:modified_time\" content=\"2017-03-23T10:12:11+00:00\" \/>\n<meta name=\"twitter:card\" content=\"summary_large_image\" \/>\n<script type=\"application\/ld+json\" class=\"yoast-schema-graph\">{\"@context\":\"https:\\\/\\\/schema.org\",\"@graph\":[{\"@type\":\"WebPage\",\"@id\":\"https:\\\/\\\/fr.elds.org\\\/lesmormons-net\\\/galerie\\\/\",\"url\":\"https:\\\/\\\/fr.elds.org\\\/lesmormons-net\\\/galerie\\\/\",\"name\":\"Galerie d'images inspirantes du site LesMormons.net\",\"isPartOf\":{\"@id\":\"https:\\\/\\\/fr.elds.org\\\/lesmormons-net\\\/#website\"},\"datePublished\":\"2017-01-12T17:46:50+00:00\",\"dateModified\":\"2017-03-23T10:12:11+00:00\",\"description\":\"D\u00e9couvez les memes de LesMormons.net et ressourcez-vous avec ces citations inspirantes: extraits des Ecritures ou de cantiques, messages des proph\u00e8tes\",\"breadcrumb\":{\"@id\":\"https:\\\/\\\/fr.elds.org\\\/lesmormons-net\\\/galerie\\\/#breadcrumb\"},\"inLanguage\":\"fr-FR\",\"potentialAction\":[{\"@type\":\"ReadAction\",\"target\":[\"https:\\\/\\\/fr.elds.org\\\/lesmormons-net\\\/galerie\\\/\"]}]},{\"@type\":\"BreadcrumbList\",\"@id\":\"https:\\\/\\\/fr.elds.org\\\/lesmormons-net\\\/galerie\\\/#breadcrumb\",\"itemListElement\":[{\"@type\":\"ListItem\",\"position\":1,\"name\":\"Home\",\"item\":\"https:\\\/\\\/fr.elds.org\\\/lesmormons-net\\\/\"},{\"@type\":\"ListItem\",\"position\":2,\"name\":\"Galerie\"}]},{\"@type\":\"WebSite\",\"@id\":\"https:\\\/\\\/fr.elds.org\\\/lesmormons-net\\\/#website\",\"url\":\"https:\\\/\\\/fr.elds.org\\\/lesmormons-net\\\/\",\"name\":\"Les Mormons\",\"description\":\"Les mormons au quotidien\",\"potentialAction\":[{\"@type\":\"SearchAction\",\"target\":{\"@type\":\"EntryPoint\",\"urlTemplate\":\"https:\\\/\\\/fr.elds.org\\\/lesmormons-net\\\/?s={search_term_string}\"},\"query-input\":{\"@type\":\"PropertyValueSpecification\",\"valueRequired\":true,\"valueName\":\"search_term_string\"}}],\"inLanguage\":\"fr-FR\"}]}<\/script>\n<!-- \/ Yoast SEO plugin. -->","yoast_head_json":{"title":"Galerie d'images inspirantes du site LesMormons.net","description":"D\u00e9couvez les memes de LesMormons.net et ressourcez-vous avec ces citations inspirantes: extraits des Ecritures ou de cantiques, messages des proph\u00e8tes","robots":{"index":"index","follow":"follow","max-snippet":"max-snippet:-1","max-image-preview":"max-image-preview:large","max-video-preview":"max-video-preview:-1"},"canonical":"https:\/\/fr.elds.org\/lesmormons-net\/galerie\/","og_locale":"fr_FR","og_type":"article","og_title":"Galerie d'images inspirantes du site LesMormons.net","og_description":"D\u00e9couvez les memes de LesMormons.net et ressourcez-vous avec ces citations inspirantes: extraits des Ecritures ou de cantiques, messages des proph\u00e8tes","og_url":"https:\/\/fr.elds.org\/lesmormons-net\/galerie\/","og_site_name":"Les Mormons","article_modified_time":"2017-03-23T10:12:11+00:00","twitter_card":"summary_large_image","schema":{"@context":"https:\/\/schema.org","@graph":[{"@type":"WebPage","@id":"https:\/\/fr.elds.org\/lesmormons-net\/galerie\/","url":"https:\/\/fr.elds.org\/lesmormons-net\/galerie\/","name":"Galerie d'images inspirantes du site LesMormons.net","isPartOf":{"@id":"https:\/\/fr.elds.org\/lesmormons-net\/#website"},"datePublished":"2017-01-12T17:46:50+00:00","dateModified":"2017-03-23T10:12:11+00:00","description":"D\u00e9couvez les memes de LesMormons.net et ressourcez-vous avec ces citations inspirantes: extraits des Ecritures ou de cantiques, messages des proph\u00e8tes","breadcrumb":{"@id":"https:\/\/fr.elds.org\/lesmormons-net\/galerie\/#breadcrumb"},"inLanguage":"fr-FR","potentialAction":[{"@type":"ReadAction","target":["https:\/\/fr.elds.org\/lesmormons-net\/galerie\/"]}]},{"@type":"BreadcrumbList","@id":"https:\/\/fr.elds.org\/lesmormons-net\/galerie\/#breadcrumb","itemListElement":[{"@type":"ListItem","position":1,"name":"Home","item":"https:\/\/fr.elds.org\/lesmormons-net\/"},{"@type":"ListItem","position":2,"name":"Galerie"}]},{"@type":"WebSite","@id":"https:\/\/fr.elds.org\/lesmormons-net\/#website","url":"https:\/\/fr.elds.org\/lesmormons-net\/","name":"Les Mormons","description":"Les mormons au quotidien","potentialAction":[{"@type":"SearchAction","target":{"@type":"EntryPoint","urlTemplate":"https:\/\/fr.elds.org\/lesmormons-net\/?s={search_term_string}"},"query-input":{"@type":"PropertyValueSpecification","valueRequired":true,"valueName":"search_term_string"}}],"inLanguage":"fr-FR"}]}},"_links":{"self":[{"href":"https:\/\/fr.elds.org\/lesmormons-net\/wp-json\/wp\/v2\/pages\/5021","targetHints":{"allow":["GET"]}}],"collection":[{"href":"https:\/\/fr.elds.org\/lesmormons-net\/wp-json\/wp\/v2\/pages"}],"about":[{"href":"https:\/\/fr.elds.org\/lesmormons-net\/wp-json\/wp\/v2\/types\/page"}],"author":[{"embeddable":true,"href":"https:\/\/fr.elds.org\/lesmormons-net\/wp-json\/wp\/v2\/users\/27"}],"replies":[{"embeddable":true,"href":"https:\/\/fr.elds.org\/lesmormons-net\/wp-json\/wp\/v2\/comments?post=5021"}],"version-history":[{"count":5,"href":"https:\/\/fr.elds.org\/lesmormons-net\/wp-json\/wp\/v2\/pages\/5021\/revisions"}],"predecessor-version":[{"id":5327,"href":"https:\/\/fr.elds.org\/lesmormons-net\/wp-json\/wp\/v2\/pages\/5021\/revisions\/5327"}],"wp:attachment":[{"href":"https:\/\/fr.elds.org\/lesmormons-net\/wp-json\/wp\/v2\/media?parent=5021"}],"curies":[{"name":"wp","href":"https:\/\/api.w.org\/{rel}","templated":true}]}}