{"id":3960,"date":"2016-08-01T21:30:52","date_gmt":"2016-08-01T21:30:52","guid":{"rendered":"http:\/\/fr.elds.org\/lesmormons-net\/?page_id=3960"},"modified":"2017-02-18T08:19:54","modified_gmt":"2017-02-18T07:19:54","slug":"contact","status":"publish","type":"page","link":"https:\/\/fr.elds.org\/lesmormons-net\/contact\/","title":{"rendered":"Contact"},"content":{"rendered":"<p>[et_pb_section admin_label=\u00a0\u00bbsection\u00a0\u00bb][et_pb_row admin_label=\u00a0\u00bbrow\u00a0\u00bb make_fullwidth=\u00a0\u00bboff\u00a0\u00bb use_custom_width=\u00a0\u00bboff\u00a0\u00bb width_unit=\u00a0\u00bbon\u00a0\u00bb use_custom_gutter=\u00a0\u00bboff\u00a0\u00bb custom_padding=\u00a0\u00bb0px|||\u00a0\u00bb padding_mobile=\u00a0\u00bboff\u00a0\u00bb custom_margin=\u00a0\u00bb0px|||\u00a0\u00bb allow_player_pause=\u00a0\u00bboff\u00a0\u00bb parallax=\u00a0\u00bboff\u00a0\u00bb parallax_method=\u00a0\u00bboff\u00a0\u00bb make_equal=\u00a0\u00bboff\u00a0\u00bb parallax_1=\u00a0\u00bboff\u00a0\u00bb parallax_method_1=\u00a0\u00bboff\u00a0\u00bb column_padding_mobile=\u00a0\u00bbon\u00a0\u00bb][et_pb_column type=\u00a0\u00bb4_4&Prime;][et_pb_text admin_label=\u00a0\u00bbTexte\u00a0\u00bb background_layout=\u00a0\u00bblight\u00a0\u00bb text_orientation=\u00a0\u00bbleft\u00a0\u00bb use_border_color=\u00a0\u00bboff\u00a0\u00bb border_color=\u00a0\u00bb#ffffff\u00a0\u00bb border_style=\u00a0\u00bbsolid\u00a0\u00bb]<\/p>\n<p>Si vous souhaitez en apprendre plus sur l\u2019Eglise de J\u00e9sus-Christ des Saints des Derniers Jours ou bien si vous avez une question, n\u2019h\u00e9sitez pas \u00e0 remplir le questionnaire ci-dessous. Et si vous \u00eates membres de l\u2019Eglise et souhaitez participer \u00e0 nos efforts, nous serions ravis de votre aide pour partager et cr\u00e9er du contenu qui est \u00e9difiant et informatif au sujet de nos croyances et t\u00e9moignages.<\/p>\n<p>[\/et_pb_text][\/et_pb_column][\/et_pb_row][et_pb_row admin_label=\u00a0\u00bbLigne\u00a0\u00bb][et_pb_column type=\u00a0\u00bb4_4&Prime;][et_pb_contact_form admin_label=\u00a0\u00bbFormulaire de contact\u00a0\u00bb captcha=\u00a0\u00bbon\u00a0\u00bb email=\u00a0\u00bbfrench@moregoodfoundation.org\u00a0\u00bb use_redirect=\u00a0\u00bboff\u00a0\u00bb input_border_radius=\u00a0\u00bb0&Prime; use_border_color=\u00a0\u00bboff\u00a0\u00bb border_color=\u00a0\u00bb#ffffff\u00a0\u00bb border_style=\u00a0\u00bbsolid\u00a0\u00bb custom_button=\u00a0\u00bboff\u00a0\u00bb button_letter_spacing=\u00a0\u00bb0&Prime; button_use_icon=\u00a0\u00bbdefault\u00a0\u00bb button_icon_placement=\u00a0\u00bbright\u00a0\u00bb button_on_hover=\u00a0\u00bbon\u00a0\u00bb button_letter_spacing_hover=\u00a0\u00bb0&Prime;] [et_pb_contact_field field_title=\u00a0\u00bbNom\u00a0\u00bb field_type=\u00a0\u00bbinput\u00a0\u00bb field_id=\u00a0\u00bbName\u00a0\u00bb required_mark=\u00a0\u00bbon\u00a0\u00bb fullwidth_field=\u00a0\u00bboff\u00a0\u00bb \/][et_pb_contact_field field_title=\u00a0\u00bbAdresse e-mail\u00a0\u00bb field_type=\u00a0\u00bbemail\u00a0\u00bb field_id=\u00a0\u00bbEmail\u00a0\u00bb required_mark=\u00a0\u00bbon\u00a0\u00bb fullwidth_field=\u00a0\u00bboff\u00a0\u00bb \/][et_pb_contact_field field_title=\u00a0\u00bbMessage\u00a0\u00bb field_type=\u00a0\u00bbtext\u00a0\u00bb field_id=\u00a0\u00bbMessage\u00a0\u00bb required_mark=\u00a0\u00bbon\u00a0\u00bb \/] [\/et_pb_contact_form][\/et_pb_column][\/et_pb_row][et_pb_row admin_label=\u00a0\u00bbLigne\u00a0\u00bb][et_pb_column type=\u00a0\u00bb4_4&Prime;][et_pb_text admin_label=\u00a0\u00bbTexte\u00a0\u00bb background_layout=\u00a0\u00bblight\u00a0\u00bb text_orientation=\u00a0\u00bbleft\u00a0\u00bb use_border_color=\u00a0\u00bboff\u00a0\u00bb border_color=\u00a0\u00bb#ffffff\u00a0\u00bb border_style=\u00a0\u00bbsolid\u00a0\u00bb]<\/p>\n<p>Nous vous proposons \u00e9galement de visiter l\u2019un des sites officiels de l\u2019Eglise de J\u00e9sus-Christ des Saints des Derniers Jours de langue fran\u00e7aise correspondant \u00e0 votre zone g\u00e9ographique:<\/p>\n<p><a href=\"https:\/\/www.lds.org\/?lang=fra\">LDS.org en langue fran\u00e7aise<\/a>, le site mondial officiel de l\u2019Eglise de J\u00e9sus-Christ des Saints des Derniers Jours<\/p>\n<p><a href=\"https:\/\/www.mormon.org\/fra\">Mormon.org en langue fran\u00e7aise<\/a>, le site officiel de pr\u00e9sentation des croyances et principes des \u00ab\u00a0Mormons\u00a0\u00bb, ainsi que des portraits de membres \u00e0 travers le monde.<\/p>\n<h4>AFRIQUE:<\/h4>\n<p>Site de l\u2019<a href=\"http:\/\/afriquedelouest.lds.org\/\">Interr\u00e9gion d\u2019Afrique de l\u2019Ouest<\/a><\/p>\n<p>Cameroun\u00a0: <a href=\"https:\/\/www.facebook.com\/Cameroon-Mormon-Salle-de-Presse-1650828375239368\/\">Salle de Presse (sur Facebook)<\/a><\/p>\n<p>R\u00e9publique du Congo\u00a0: <a href=\"https:\/\/www.facebook.com\/R%C3%A9publique-du-Congo-Mormon-Salle-de-Presse-1633301960284924\/?fref=ts\">Salle de Presse (sur Facebook)<\/a><\/p>\n<p>RD Congo\u00a0: <a href=\"http:\/\/www.mormon-presse.cd\/\">Salle de Presse<\/a><\/p>\n<h4>EUROPE:<\/h4>\n<p>France\u00a0: site de l\u2019<a href=\"http:\/\/www.eglisedejesuschrist.fr\/\">Eglise de J\u00e9sus-Christ<\/a>\u00a0et <a href=\"http:\/\/www.presse-mormons.fr\/\">La Salle de Presse<\/a><\/p>\n<p>Belgique\u00a0: site de l\u2019<a href=\"https:\/\/www.eglisedejesuschrist.be\/\">Eglise de J\u00e9sus-Christ<\/a>\u00a0 et <a href=\"http:\/\/www.presse-mormons.be\/\">La Salle de Presse<\/a><\/p>\n<p>Suisse\u00a0: site de l\u2019<a href=\"http:\/\/www.eglise-de-jesus-christ.ch\/\">Eglise de J\u00e9sus-Christ<\/a>\u00a0en Suisse<\/p>\n<h4>AM\u00c9RIQUES:<\/h4>\n<p>Canada\u00a0: <a href=\"http:\/\/www.presse-mormons.ca\/\">Salle de Presse<\/a> et site de l\u2019<a href=\"http:\/\/canadafr.lds.org\/\">Eglise de J\u00e9sus-Christ<\/a><\/p>\n<p>Cara\u00efbes\u00a0: <a href=\"http:\/\/caraibes.lds.org\/\">Eglise de J\u00e9sus-Christ<\/a><\/p>\n<h4>OC\u00c9AN INDIEN ET PACIFIQUE:<\/h4>\n<p>Madagascar\u00a0: <a href=\"https:\/\/www.facebook.com\/Madagascar-Mormon-Salle-de-Presse-641958189242576\/?fref=ts\">Salle de Presse (sur Facebook)<\/a><\/p>\n<p>Les \u00eeles de l\u2019Oc\u00e9an Indien\u00a0: <a href=\"http:\/\/www.presse-mormons.re\/\">Salle de Presse<\/a><\/p>\n<p>Polyn\u00e9sie fran\u00e7aise\u00a0: <a href=\"http:\/\/www.mormonmedia.org.pf\/\">Salle de Presse Pacifique<\/a><\/p>\n<p>[\/et_pb_text][\/et_pb_column][\/et_pb_row][\/et_pb_section]<\/p>\n","protected":false},"excerpt":{"rendered":"<p>La page contact est destin\u00e9e \u00e0 tous ceux qui souhaitent nous poser des questions ou trouver la liste des sites officiels de l&rsquo;Eglise de j\u00e9sus-Christ des SDJ<\/p>\n","protected":false},"author":27,"featured_media":0,"parent":0,"menu_order":0,"comment_status":"closed","ping_status":"closed","template":"","meta":{"_et_pb_use_builder":"on","_et_pb_old_content":"","_et_gb_content_width":"","footnotes":""},"class_list":["post-3960","page","type-page","status-publish","hentry"],"yoast_head":"<!-- This site is optimized with the Yoast SEO plugin v27.4 - https:\/\/yoast.com\/product\/yoast-seo-wordpress\/ -->\n<title>Contact | Les Mormons<\/title>\n<meta name=\"description\" content=\"La page contact est destin\u00e9e \u00e0 tous ceux qui souhaitent nous poser des questions ou trouver la liste des sites officiels de l&#039;Eglise de j\u00e9sus-Christ des SDJ\" \/>\n<meta name=\"robots\" content=\"index, follow, max-snippet:-1, max-image-preview:large, max-video-preview:-1\" \/>\n<link rel=\"canonical\" href=\"https:\/\/fr.elds.org\/lesmormons-net\/contact\/\" \/>\n<meta property=\"og:locale\" content=\"fr_FR\" \/>\n<meta property=\"og:type\" content=\"article\" \/>\n<meta property=\"og:title\" content=\"Contact | Les Mormons\" \/>\n<meta property=\"og:description\" content=\"La page contact est destin\u00e9e \u00e0 tous ceux qui souhaitent nous poser des questions ou trouver la liste des sites officiels de l&#039;Eglise de j\u00e9sus-Christ des SDJ\" \/>\n<meta property=\"og:url\" content=\"https:\/\/fr.elds.org\/lesmormons-net\/contact\/\" \/>\n<meta property=\"og:site_name\" content=\"Les Mormons\" \/>\n<meta property=\"article:modified_time\" content=\"2017-02-18T07:19:54+00:00\" \/>\n<meta name=\"twitter:card\" content=\"summary_large_image\" \/>\n<meta name=\"twitter:label1\" content=\"Dur\u00e9e de lecture estim\u00e9e\" \/>\n\t<meta name=\"twitter:data1\" content=\"3 minutes\" \/>\n<script type=\"application\/ld+json\" class=\"yoast-schema-graph\">{\"@context\":\"https:\\\/\\\/schema.org\",\"@graph\":[{\"@type\":\"WebPage\",\"@id\":\"https:\\\/\\\/fr.elds.org\\\/lesmormons-net\\\/contact\\\/\",\"url\":\"https:\\\/\\\/fr.elds.org\\\/lesmormons-net\\\/contact\\\/\",\"name\":\"Contact | Les Mormons\",\"isPartOf\":{\"@id\":\"https:\\\/\\\/fr.elds.org\\\/lesmormons-net\\\/#website\"},\"datePublished\":\"2016-08-01T21:30:52+00:00\",\"dateModified\":\"2017-02-18T07:19:54+00:00\",\"description\":\"La page contact est destin\u00e9e \u00e0 tous ceux qui souhaitent nous poser des questions ou trouver la liste des sites officiels de l'Eglise de j\u00e9sus-Christ des SDJ\",\"breadcrumb\":{\"@id\":\"https:\\\/\\\/fr.elds.org\\\/lesmormons-net\\\/contact\\\/#breadcrumb\"},\"inLanguage\":\"fr-FR\",\"potentialAction\":[{\"@type\":\"ReadAction\",\"target\":[\"https:\\\/\\\/fr.elds.org\\\/lesmormons-net\\\/contact\\\/\"]}]},{\"@type\":\"BreadcrumbList\",\"@id\":\"https:\\\/\\\/fr.elds.org\\\/lesmormons-net\\\/contact\\\/#breadcrumb\",\"itemListElement\":[{\"@type\":\"ListItem\",\"position\":1,\"name\":\"Home\",\"item\":\"https:\\\/\\\/fr.elds.org\\\/lesmormons-net\\\/\"},{\"@type\":\"ListItem\",\"position\":2,\"name\":\"Contact\"}]},{\"@type\":\"WebSite\",\"@id\":\"https:\\\/\\\/fr.elds.org\\\/lesmormons-net\\\/#website\",\"url\":\"https:\\\/\\\/fr.elds.org\\\/lesmormons-net\\\/\",\"name\":\"Les Mormons\",\"description\":\"Les mormons au quotidien\",\"potentialAction\":[{\"@type\":\"SearchAction\",\"target\":{\"@type\":\"EntryPoint\",\"urlTemplate\":\"https:\\\/\\\/fr.elds.org\\\/lesmormons-net\\\/?s={search_term_string}\"},\"query-input\":{\"@type\":\"PropertyValueSpecification\",\"valueRequired\":true,\"valueName\":\"search_term_string\"}}],\"inLanguage\":\"fr-FR\"}]}<\/script>\n<!-- \/ Yoast SEO plugin. -->","yoast_head_json":{"title":"Contact | Les Mormons","description":"La page contact est destin\u00e9e \u00e0 tous ceux qui souhaitent nous poser des questions ou trouver la liste des sites officiels de l'Eglise de j\u00e9sus-Christ des SDJ","robots":{"index":"index","follow":"follow","max-snippet":"max-snippet:-1","max-image-preview":"max-image-preview:large","max-video-preview":"max-video-preview:-1"},"canonical":"https:\/\/fr.elds.org\/lesmormons-net\/contact\/","og_locale":"fr_FR","og_type":"article","og_title":"Contact | Les Mormons","og_description":"La page contact est destin\u00e9e \u00e0 tous ceux qui souhaitent nous poser des questions ou trouver la liste des sites officiels de l'Eglise de j\u00e9sus-Christ des SDJ","og_url":"https:\/\/fr.elds.org\/lesmormons-net\/contact\/","og_site_name":"Les Mormons","article_modified_time":"2017-02-18T07:19:54+00:00","twitter_card":"summary_large_image","twitter_misc":{"Dur\u00e9e de lecture estim\u00e9e":"3 minutes"},"schema":{"@context":"https:\/\/schema.org","@graph":[{"@type":"WebPage","@id":"https:\/\/fr.elds.org\/lesmormons-net\/contact\/","url":"https:\/\/fr.elds.org\/lesmormons-net\/contact\/","name":"Contact | Les Mormons","isPartOf":{"@id":"https:\/\/fr.elds.org\/lesmormons-net\/#website"},"datePublished":"2016-08-01T21:30:52+00:00","dateModified":"2017-02-18T07:19:54+00:00","description":"La page contact est destin\u00e9e \u00e0 tous ceux qui souhaitent nous poser des questions ou trouver la liste des sites officiels de l'Eglise de j\u00e9sus-Christ des SDJ","breadcrumb":{"@id":"https:\/\/fr.elds.org\/lesmormons-net\/contact\/#breadcrumb"},"inLanguage":"fr-FR","potentialAction":[{"@type":"ReadAction","target":["https:\/\/fr.elds.org\/lesmormons-net\/contact\/"]}]},{"@type":"BreadcrumbList","@id":"https:\/\/fr.elds.org\/lesmormons-net\/contact\/#breadcrumb","itemListElement":[{"@type":"ListItem","position":1,"name":"Home","item":"https:\/\/fr.elds.org\/lesmormons-net\/"},{"@type":"ListItem","position":2,"name":"Contact"}]},{"@type":"WebSite","@id":"https:\/\/fr.elds.org\/lesmormons-net\/#website","url":"https:\/\/fr.elds.org\/lesmormons-net\/","name":"Les Mormons","description":"Les mormons au quotidien","potentialAction":[{"@type":"SearchAction","target":{"@type":"EntryPoint","urlTemplate":"https:\/\/fr.elds.org\/lesmormons-net\/?s={search_term_string}"},"query-input":{"@type":"PropertyValueSpecification","valueRequired":true,"valueName":"search_term_string"}}],"inLanguage":"fr-FR"}]}},"_links":{"self":[{"href":"https:\/\/fr.elds.org\/lesmormons-net\/wp-json\/wp\/v2\/pages\/3960","targetHints":{"allow":["GET"]}}],"collection":[{"href":"https:\/\/fr.elds.org\/lesmormons-net\/wp-json\/wp\/v2\/pages"}],"about":[{"href":"https:\/\/fr.elds.org\/lesmormons-net\/wp-json\/wp\/v2\/types\/page"}],"author":[{"embeddable":true,"href":"https:\/\/fr.elds.org\/lesmormons-net\/wp-json\/wp\/v2\/users\/27"}],"replies":[{"embeddable":true,"href":"https:\/\/fr.elds.org\/lesmormons-net\/wp-json\/wp\/v2\/comments?post=3960"}],"version-history":[{"count":3,"href":"https:\/\/fr.elds.org\/lesmormons-net\/wp-json\/wp\/v2\/pages\/3960\/revisions"}],"predecessor-version":[{"id":5226,"href":"https:\/\/fr.elds.org\/lesmormons-net\/wp-json\/wp\/v2\/pages\/3960\/revisions\/5226"}],"wp:attachment":[{"href":"https:\/\/fr.elds.org\/lesmormons-net\/wp-json\/wp\/v2\/media?parent=3960"}],"curies":[{"name":"wp","href":"https:\/\/api.w.org\/{rel}","templated":true}]}}